{"id":1890,"date":"2022-07-27T08:42:52","date_gmt":"2022-07-27T08:42:52","guid":{"rendered":"https:\/\/pluviosemichel.com\/?page_id=1890"},"modified":"2022-07-27T09:08:02","modified_gmt":"2022-07-27T09:08:02","slug":"politique-de-confidentialite","status":"publish","type":"page","link":"https:\/\/pluviosemichel.com\/en\/politique-de-confidentialite","title":{"rendered":"Privacy policy"},"content":{"rendered":"<div data-elementor-type=\"wp-page\" data-elementor-id=\"1890\" class=\"elementor elementor-1890\" data-elementor-post-type=\"page\">\n\t\t\t\t<div class=\"elementor-element elementor-element-2a510cf e-flex e-con-boxed e-con e-parent\" data-id=\"2a510cf\" data-element_type=\"container\">\n\t\t\t\t\t<div class=\"e-con-inner\">\n\t\t\t\t<div class=\"elementor-element elementor-element-1dc9bcc elementor-widget elementor-widget-text-editor\" data-id=\"1dc9bcc\" data-element_type=\"widget\" data-widget_type=\"text-editor.default\">\n\t\t\t\t<div class=\"elementor-widget-container\">\n\t\t\t\t\t\t\t\t\t<p><span style=\"color: #db5858;\"><strong>Preamble<\/strong><\/span><\/p><p>In accordance with the EU General Data Protection Regulation (GDPR), the Directive implementing the Federal Data Protection Act (LPD) and other rules concerning the protection of personal data which entered into force on 25 May 2018, this page presents the privacy policy applied by the Michel Pluviose website.<\/p><p>On this you will find details of all personal data used and how it is processed and stored.<\/p><p><span style=\"color: #db5858;\"><strong>Use of cookies<\/strong><\/span><\/p><p><strong>This site uses the Matomo Analytics tool to track and analyze the use of the site by its users.<\/strong>Matomo Analytics makes it possible in particular to collect data about the website from which the visitor arrives (referring site), the sub-pages visited, how and for how long the page was consulted.<\/p><p>In order to collect data relating to the visitor's browsing on the pluviosemichel.com site, Matomo Analytics places a cookie on the computer system of the user concerned.\u00a0<\/p><p><strong>IP addresses are anonymized before being collected <\/strong>(2 byte anonymization). IP anonymization means that the IP address will be shortened beforehand by Google within member states of the European Union or in other member states of the Treaty on the European Economic Area, thus preventing the direct identification of persons.<\/p><p>\u00a0All data collected is stored only in the MySQL database of this site, no other company (or member of the Matomo team) can access this information. Log or report data will never be sent to other servers by Matomo. The software's source code is open-source, so hundreds of people have reviewed it to make sure it's secure and keeps your data private.<\/p><p class=\"translation-block\">in the banner provided for this purpose. In the settings of the web browser used, it is also possible to permanently block cookies.<\/p><p>You can also choose to browse the site in your browser with cookies disabled or by viewing the site in private browsing mode. Some features may no longer be active if you choose to view this site without allowing the use of cookies.<\/p><p><span style=\"color: #db5858;\"><strong>User rights<\/strong><\/span><\/p><p>Each user retains the right to access, rectify, delete and transmit their data at any time. As the owner of his data, the user has the right to limit its use. For any request concerning your rights to access, modify or delete data, please contact us at the following address: michel.pluviose@hotmail.com.<\/p><p><span style=\"color: #db5858;\"><strong>Privacy Policy Acceptance<\/strong><\/span><\/p><p>Each user of the Michel Pluviose website accepts this privacy policy by visiting it. In case of non-acceptance, the user is requested not to use the pluviosemichel.com website.<\/p><p><em>This document was last updated on July 27, 2022<\/em><\/p>\t\t\t\t\t\t\t\t<\/div>\n\t\t\t\t<\/div>\n\t\t\t\t\t<\/div>\n\t\t\t\t<\/div>\n\t\t\t\t<\/div>","protected":false},"excerpt":{"rendered":"<p>Pr\u00e9ambule Conform\u00e9ment au r\u00e8glement g\u00e9n\u00e9ral de l\u2019UE sur la protection des donn\u00e9es (RGPD), \u00e0 la directive d\u2019application de la loi f\u00e9d\u00e9rale sur la protection des donn\u00e9es (LPD) et aux autres r\u00e8gles concernant la protection des donn\u00e9es personnelles entr\u00e9es en vigueur le 25 mai 2018, cette page pr\u00e9sente la politique de confidentialit\u00e9 appliqu\u00e9e par le site [&hellip;]<\/p>\n","protected":false},"author":1,"featured_media":0,"parent":0,"menu_order":0,"comment_status":"closed","ping_status":"closed","template":"","meta":{"footnotes":""},"class_list":["post-1890","page","type-page","status-publish","hentry"],"yoast_head":"<!-- This site is optimized with the Yoast SEO plugin v27.4 - https:\/\/yoast.com\/product\/yoast-seo-wordpress\/ -->\n<title>Politique de confidentialit\u00e9 - De la pire \u00e0 la meilleure action<\/title>\n<meta name=\"robots\" content=\"index, follow, max-snippet:-1, max-image-preview:large, max-video-preview:-1\" \/>\n<link rel=\"canonical\" href=\"https:\/\/pluviosemichel.com\/en\/politique-de-confidentialite\" \/>\n<meta property=\"og:locale\" content=\"en_GB\" \/>\n<meta property=\"og:type\" content=\"article\" \/>\n<meta property=\"og:title\" content=\"Politique de confidentialit\u00e9 - De la pire \u00e0 la meilleure action\" \/>\n<meta property=\"og:description\" content=\"Pr\u00e9ambule Conform\u00e9ment au r\u00e8glement g\u00e9n\u00e9ral de l\u2019UE sur la protection des donn\u00e9es (RGPD), \u00e0 la directive d\u2019application de la loi f\u00e9d\u00e9rale sur la protection des donn\u00e9es (LPD) et aux autres r\u00e8gles concernant la protection des donn\u00e9es personnelles entr\u00e9es en vigueur le 25 mai 2018, cette page pr\u00e9sente la politique de confidentialit\u00e9 appliqu\u00e9e par le site [&hellip;]\" \/>\n<meta property=\"og:url\" content=\"https:\/\/pluviosemichel.com\/en\/politique-de-confidentialite\" \/>\n<meta property=\"og:site_name\" content=\"De la pire \u00e0 la meilleure action\" \/>\n<meta property=\"article:modified_time\" content=\"2022-07-27T09:08:02+00:00\" \/>\n<meta name=\"twitter:card\" content=\"summary_large_image\" \/>\n<meta name=\"twitter:label1\" content=\"Est. reading time\" \/>\n\t<meta name=\"twitter:data1\" content=\"3 minutes\" \/>\n<script type=\"application\/ld+json\" class=\"yoast-schema-graph\">{\"@context\":\"https:\\\/\\\/schema.org\",\"@graph\":[{\"@type\":\"WebPage\",\"@id\":\"https:\\\/\\\/pluviosemichel.com\\\/en\\\/politique-de-confidentialite\",\"url\":\"https:\\\/\\\/pluviosemichel.com\\\/en\\\/politique-de-confidentialite\",\"name\":\"Politique de confidentialit\u00e9 - De la pire \u00e0 la meilleure action\",\"isPartOf\":{\"@id\":\"https:\\\/\\\/pluviosemichel.com\\\/#website\"},\"datePublished\":\"2022-07-27T08:42:52+00:00\",\"dateModified\":\"2022-07-27T09:08:02+00:00\",\"breadcrumb\":{\"@id\":\"https:\\\/\\\/pluviosemichel.com\\\/en\\\/politique-de-confidentialite#breadcrumb\"},\"inLanguage\":\"en-GB\",\"potentialAction\":[{\"@type\":\"ReadAction\",\"target\":[\"https:\\\/\\\/pluviosemichel.com\\\/en\\\/politique-de-confidentialite\"]}]},{\"@type\":\"BreadcrumbList\",\"@id\":\"https:\\\/\\\/pluviosemichel.com\\\/en\\\/politique-de-confidentialite#breadcrumb\",\"itemListElement\":[{\"@type\":\"ListItem\",\"position\":1,\"name\":\"Accueil\",\"item\":\"https:\\\/\\\/pluviosemichel.com\\\/\"},{\"@type\":\"ListItem\",\"position\":2,\"name\":\"Politique de confidentialit\u00e9\"}]},{\"@type\":\"WebSite\",\"@id\":\"https:\\\/\\\/pluviosemichel.com\\\/#website\",\"url\":\"https:\\\/\\\/pluviosemichel.com\\\/\",\"name\":\"De la pire \u00e0 la meilleure action\",\"description\":\"\",\"publisher\":{\"@id\":\"https:\\\/\\\/pluviosemichel.com\\\/#organization\"},\"potentialAction\":[{\"@type\":\"SearchAction\",\"target\":{\"@type\":\"EntryPoint\",\"urlTemplate\":\"https:\\\/\\\/pluviosemichel.com\\\/?s={search_term_string}\"},\"query-input\":{\"@type\":\"PropertyValueSpecification\",\"valueRequired\":true,\"valueName\":\"search_term_string\"}}],\"inLanguage\":\"en-GB\"},{\"@type\":\"Organization\",\"@id\":\"https:\\\/\\\/pluviosemichel.com\\\/#organization\",\"name\":\"Michel Pluviose\",\"url\":\"https:\\\/\\\/pluviosemichel.com\\\/\",\"logo\":{\"@type\":\"ImageObject\",\"inLanguage\":\"en-GB\",\"@id\":\"https:\\\/\\\/pluviosemichel.com\\\/#\\\/schema\\\/logo\\\/image\\\/\",\"url\":\"https:\\\/\\\/pluviosemichel.com\\\/wp-content\\\/uploads\\\/2022\\\/07\\\/Logo-fond-CNAM.png\",\"contentUrl\":\"https:\\\/\\\/pluviosemichel.com\\\/wp-content\\\/uploads\\\/2022\\\/07\\\/Logo-fond-CNAM.png\",\"width\":200,\"height\":200,\"caption\":\"Michel Pluviose\"},\"image\":{\"@id\":\"https:\\\/\\\/pluviosemichel.com\\\/#\\\/schema\\\/logo\\\/image\\\/\"}}]}<\/script>\n<!-- \/ Yoast SEO plugin. -->","yoast_head_json":{"title":"Politique de confidentialit\u00e9 - De la pire \u00e0 la meilleure action","robots":{"index":"index","follow":"follow","max-snippet":"max-snippet:-1","max-image-preview":"max-image-preview:large","max-video-preview":"max-video-preview:-1"},"canonical":"https:\/\/pluviosemichel.com\/en\/politique-de-confidentialite","og_locale":"en_GB","og_type":"article","og_title":"Politique de confidentialit\u00e9 - De la pire \u00e0 la meilleure action","og_description":"Pr\u00e9ambule Conform\u00e9ment au r\u00e8glement g\u00e9n\u00e9ral de l\u2019UE sur la protection des donn\u00e9es (RGPD), \u00e0 la directive d\u2019application de la loi f\u00e9d\u00e9rale sur la protection des donn\u00e9es (LPD) et aux autres r\u00e8gles concernant la protection des donn\u00e9es personnelles entr\u00e9es en vigueur le 25 mai 2018, cette page pr\u00e9sente la politique de confidentialit\u00e9 appliqu\u00e9e par le site [&hellip;]","og_url":"https:\/\/pluviosemichel.com\/en\/politique-de-confidentialite","og_site_name":"De la pire \u00e0 la meilleure action","article_modified_time":"2022-07-27T09:08:02+00:00","twitter_card":"summary_large_image","twitter_misc":{"Est. reading time":"3 minutes"},"schema":{"@context":"https:\/\/schema.org","@graph":[{"@type":"WebPage","@id":"https:\/\/pluviosemichel.com\/en\/politique-de-confidentialite","url":"https:\/\/pluviosemichel.com\/en\/politique-de-confidentialite","name":"Politique de confidentialit\u00e9 - De la pire \u00e0 la meilleure action","isPartOf":{"@id":"https:\/\/pluviosemichel.com\/#website"},"datePublished":"2022-07-27T08:42:52+00:00","dateModified":"2022-07-27T09:08:02+00:00","breadcrumb":{"@id":"https:\/\/pluviosemichel.com\/en\/politique-de-confidentialite#breadcrumb"},"inLanguage":"en-GB","potentialAction":[{"@type":"ReadAction","target":["https:\/\/pluviosemichel.com\/en\/politique-de-confidentialite"]}]},{"@type":"BreadcrumbList","@id":"https:\/\/pluviosemichel.com\/en\/politique-de-confidentialite#breadcrumb","itemListElement":[{"@type":"ListItem","position":1,"name":"Accueil","item":"https:\/\/pluviosemichel.com\/"},{"@type":"ListItem","position":2,"name":"Politique de confidentialit\u00e9"}]},{"@type":"WebSite","@id":"https:\/\/pluviosemichel.com\/#website","url":"https:\/\/pluviosemichel.com\/","name":"From worst to best action","description":"","publisher":{"@id":"https:\/\/pluviosemichel.com\/#organization"},"potentialAction":[{"@type":"SearchAction","target":{"@type":"EntryPoint","urlTemplate":"https:\/\/pluviosemichel.com\/?s={search_term_string}"},"query-input":{"@type":"PropertyValueSpecification","valueRequired":true,"valueName":"search_term_string"}}],"inLanguage":"en-GB"},{"@type":"Organization","@id":"https:\/\/pluviosemichel.com\/#organization","name":"Michel Pluviose","url":"https:\/\/pluviosemichel.com\/","logo":{"@type":"ImageObject","inLanguage":"en-GB","@id":"https:\/\/pluviosemichel.com\/#\/schema\/logo\/image\/","url":"https:\/\/pluviosemichel.com\/wp-content\/uploads\/2022\/07\/Logo-fond-CNAM.png","contentUrl":"https:\/\/pluviosemichel.com\/wp-content\/uploads\/2022\/07\/Logo-fond-CNAM.png","width":200,"height":200,"caption":"Michel Pluviose"},"image":{"@id":"https:\/\/pluviosemichel.com\/#\/schema\/logo\/image\/"}}]}},"_links":{"self":[{"href":"https:\/\/pluviosemichel.com\/en\/wp-json\/wp\/v2\/pages\/1890","targetHints":{"allow":["GET"]}}],"collection":[{"href":"https:\/\/pluviosemichel.com\/en\/wp-json\/wp\/v2\/pages"}],"about":[{"href":"https:\/\/pluviosemichel.com\/en\/wp-json\/wp\/v2\/types\/page"}],"author":[{"embeddable":true,"href":"https:\/\/pluviosemichel.com\/en\/wp-json\/wp\/v2\/users\/1"}],"replies":[{"embeddable":true,"href":"https:\/\/pluviosemichel.com\/en\/wp-json\/wp\/v2\/comments?post=1890"}],"version-history":[{"count":19,"href":"https:\/\/pluviosemichel.com\/en\/wp-json\/wp\/v2\/pages\/1890\/revisions"}],"predecessor-version":[{"id":1920,"href":"https:\/\/pluviosemichel.com\/en\/wp-json\/wp\/v2\/pages\/1890\/revisions\/1920"}],"wp:attachment":[{"href":"https:\/\/pluviosemichel.com\/en\/wp-json\/wp\/v2\/media?parent=1890"}],"curies":[{"name":"wp","href":"https:\/\/api.w.org\/{rel}","templated":true}]}}