{"id":832,"date":"2022-07-26T08:37:49","date_gmt":"2022-07-26T08:37:49","guid":{"rendered":"https:\/\/pluviosemichel.com\/?page_id=832"},"modified":"2022-08-03T13:08:05","modified_gmt":"2022-08-03T13:08:05","slug":"chaos","status":"publish","type":"page","link":"https:\/\/pluviosemichel.com\/en\/chaos","title":{"rendered":"Chaos"},"content":{"rendered":"<div data-elementor-type=\"wp-page\" data-elementor-id=\"832\" class=\"elementor elementor-832\" data-elementor-post-type=\"page\">\n\t\t\t\t<div class=\"elementor-element elementor-element-aa5aaa7 e-flex e-con-boxed e-con e-parent\" data-id=\"aa5aaa7\" data-element_type=\"container\" data-settings=\"{&quot;background_background&quot;:&quot;classic&quot;}\">\n\t\t\t\t\t<div class=\"e-con-inner\">\n\t\t<div class=\"elementor-element elementor-element-8c89846 e-con-full e-flex e-con e-parent\" data-id=\"8c89846\" data-element_type=\"container\">\n\t\t\t\t<div class=\"elementor-element elementor-element-2017640 elementor-widget elementor-widget-text-editor\" data-id=\"2017640\" data-element_type=\"widget\" data-widget_type=\"text-editor.default\">\n\t\t\t\t<div class=\"elementor-widget-container\">\n\t\t\t\t\t\t\t\t\t<h1><strong>What is chaos <\/strong><span style=\"color: #000000;\"><strong>? <\/strong><\/span><strong>That's it <\/strong><span style=\"color: #000000;\"><strong>!<\/strong><\/span><\/h1>\t\t\t\t\t\t\t\t<\/div>\n\t\t\t\t<\/div>\n\t\t\t\t<\/div>\n\t\t\t\t\t<\/div>\n\t\t\t\t<\/div>\n\t\t<div class=\"elementor-element elementor-element-2cbff69 e-flex e-con-boxed e-con e-parent\" data-id=\"2cbff69\" data-element_type=\"container\">\n\t\t\t\t\t<div class=\"e-con-inner\">\n\t\t\t\t<div class=\"elementor-element elementor-element-caf4498 elementor-widget elementor-widget-video\" data-id=\"caf4498\" data-element_type=\"widget\" data-settings=\"{&quot;youtube_url&quot;:&quot;https:\\\/\\\/youtu.be\\\/0Ddz8WgJCbg&quot;,&quot;video_type&quot;:&quot;youtube&quot;,&quot;controls&quot;:&quot;yes&quot;}\" data-widget_type=\"video.default\">\n\t\t\t\t<div class=\"elementor-widget-container\">\n\t\t\t\t\t\t\t<div class=\"elementor-wrapper elementor-open-inline\">\n\t\t\t<div class=\"elementor-video\"><\/div>\t\t<\/div>\n\t\t\t\t\t\t<\/div>\n\t\t\t\t<\/div>\n\t\t\t\t<div class=\"elementor-element elementor-element-2b0759a elementor-widget elementor-widget-text-editor\" data-id=\"2b0759a\" data-element_type=\"widget\" data-widget_type=\"text-editor.default\">\n\t\t\t\t<div class=\"elementor-widget-container\">\n\t\t\t\t\t\t\t\t\t<p><em>Visualization of the flow in a sudden flare, analogous to that in a valve.<\/em><\/p><p><span style=\"color: #d34040;\"><strong>How to remove this chaos? <\/strong><\/span><\/p><p>This is the object of the principle of double action described in this book, it makes it possible to destroy these dangerous ordered structures formed by the microscopic world (worst action); at the same time, chaos is removed (better action).<\/p><p><strong><span style=\"color: #d34040;\">Our macroscopic world thus regains its serenity.<\/span><\/strong><\/p>\t\t\t\t\t\t\t\t<\/div>\n\t\t\t\t<\/div>\n\t\t\t\t\t<\/div>\n\t\t\t\t<\/div>\n\t\t\t\t<\/div>","protected":false},"excerpt":{"rendered":"<p>C\u2019est quoi le chaos ? C\u2019est \u00e7a ! https:\/\/youtu.be\/0Ddz8WgJCbg Visualisation de l\u2019\u00e9coulement dans un \u00e9vasement brusque, analogue \u00e0 celui dans une soupape. Comment supprimer ce chaos ? C\u2019est l\u2019objet du principe de double action d\u00e9crit dans ce livre, il permet de d\u00e9truire ces structures ordonn\u00e9es dangereuses form\u00e9es par le monde microscopique (pire action) ; dans [&hellip;]<\/p>\n","protected":false},"author":1,"featured_media":0,"parent":0,"menu_order":0,"comment_status":"closed","ping_status":"closed","template":"","meta":{"footnotes":""},"class_list":["post-832","page","type-page","status-publish","hentry"],"yoast_head":"<!-- This site is optimized with the Yoast SEO plugin v27.4 - https:\/\/yoast.com\/product\/yoast-seo-wordpress\/ -->\n<title>Chaos - De la pire \u00e0 la meilleure action<\/title>\n<meta name=\"robots\" content=\"index, follow, max-snippet:-1, max-image-preview:large, max-video-preview:-1\" \/>\n<link rel=\"canonical\" href=\"https:\/\/pluviosemichel.com\/en\/chaos\" \/>\n<meta property=\"og:locale\" content=\"en_GB\" \/>\n<meta property=\"og:type\" content=\"article\" \/>\n<meta property=\"og:title\" content=\"Chaos - De la pire \u00e0 la meilleure action\" \/>\n<meta property=\"og:description\" content=\"C\u2019est quoi le chaos ? C\u2019est \u00e7a ! https:\/\/youtu.be\/0Ddz8WgJCbg Visualisation de l\u2019\u00e9coulement dans un \u00e9vasement brusque, analogue \u00e0 celui dans une soupape. Comment supprimer ce chaos ? C\u2019est l\u2019objet du principe de double action d\u00e9crit dans ce livre, il permet de d\u00e9truire ces structures ordonn\u00e9es dangereuses form\u00e9es par le monde microscopique (pire action) ; dans [&hellip;]\" \/>\n<meta property=\"og:url\" content=\"https:\/\/pluviosemichel.com\/en\/chaos\" \/>\n<meta property=\"og:site_name\" content=\"De la pire \u00e0 la meilleure action\" \/>\n<meta property=\"article:modified_time\" content=\"2022-08-03T13:08:05+00:00\" \/>\n<meta name=\"twitter:card\" content=\"summary_large_image\" \/>\n<meta name=\"twitter:label1\" content=\"Est. reading time\" \/>\n\t<meta name=\"twitter:data1\" content=\"1 minute\" \/>\n<script type=\"application\/ld+json\" class=\"yoast-schema-graph\">{\"@context\":\"https:\\\/\\\/schema.org\",\"@graph\":[{\"@type\":\"WebPage\",\"@id\":\"https:\\\/\\\/pluviosemichel.com\\\/en\\\/chaos\",\"url\":\"https:\\\/\\\/pluviosemichel.com\\\/en\\\/chaos\",\"name\":\"Chaos - De la pire \u00e0 la meilleure action\",\"isPartOf\":{\"@id\":\"https:\\\/\\\/pluviosemichel.com\\\/#website\"},\"datePublished\":\"2022-07-26T08:37:49+00:00\",\"dateModified\":\"2022-08-03T13:08:05+00:00\",\"breadcrumb\":{\"@id\":\"https:\\\/\\\/pluviosemichel.com\\\/en\\\/chaos#breadcrumb\"},\"inLanguage\":\"en-GB\",\"potentialAction\":[{\"@type\":\"ReadAction\",\"target\":[\"https:\\\/\\\/pluviosemichel.com\\\/en\\\/chaos\"]}]},{\"@type\":\"BreadcrumbList\",\"@id\":\"https:\\\/\\\/pluviosemichel.com\\\/en\\\/chaos#breadcrumb\",\"itemListElement\":[{\"@type\":\"ListItem\",\"position\":1,\"name\":\"Accueil\",\"item\":\"https:\\\/\\\/pluviosemichel.com\\\/\"},{\"@type\":\"ListItem\",\"position\":2,\"name\":\"Chaos\"}]},{\"@type\":\"WebSite\",\"@id\":\"https:\\\/\\\/pluviosemichel.com\\\/#website\",\"url\":\"https:\\\/\\\/pluviosemichel.com\\\/\",\"name\":\"De la pire \u00e0 la meilleure action\",\"description\":\"\",\"publisher\":{\"@id\":\"https:\\\/\\\/pluviosemichel.com\\\/#organization\"},\"potentialAction\":[{\"@type\":\"SearchAction\",\"target\":{\"@type\":\"EntryPoint\",\"urlTemplate\":\"https:\\\/\\\/pluviosemichel.com\\\/?s={search_term_string}\"},\"query-input\":{\"@type\":\"PropertyValueSpecification\",\"valueRequired\":true,\"valueName\":\"search_term_string\"}}],\"inLanguage\":\"en-GB\"},{\"@type\":\"Organization\",\"@id\":\"https:\\\/\\\/pluviosemichel.com\\\/#organization\",\"name\":\"Michel Pluviose\",\"url\":\"https:\\\/\\\/pluviosemichel.com\\\/\",\"logo\":{\"@type\":\"ImageObject\",\"inLanguage\":\"en-GB\",\"@id\":\"https:\\\/\\\/pluviosemichel.com\\\/#\\\/schema\\\/logo\\\/image\\\/\",\"url\":\"https:\\\/\\\/pluviosemichel.com\\\/wp-content\\\/uploads\\\/2022\\\/07\\\/Logo-fond-CNAM.png\",\"contentUrl\":\"https:\\\/\\\/pluviosemichel.com\\\/wp-content\\\/uploads\\\/2022\\\/07\\\/Logo-fond-CNAM.png\",\"width\":200,\"height\":200,\"caption\":\"Michel Pluviose\"},\"image\":{\"@id\":\"https:\\\/\\\/pluviosemichel.com\\\/#\\\/schema\\\/logo\\\/image\\\/\"}}]}<\/script>\n<!-- \/ Yoast SEO plugin. -->","yoast_head_json":{"title":"Chaos - De la pire \u00e0 la meilleure action","robots":{"index":"index","follow":"follow","max-snippet":"max-snippet:-1","max-image-preview":"max-image-preview:large","max-video-preview":"max-video-preview:-1"},"canonical":"https:\/\/pluviosemichel.com\/en\/chaos","og_locale":"en_GB","og_type":"article","og_title":"Chaos - De la pire \u00e0 la meilleure action","og_description":"C\u2019est quoi le chaos ? C\u2019est \u00e7a ! https:\/\/youtu.be\/0Ddz8WgJCbg Visualisation de l\u2019\u00e9coulement dans un \u00e9vasement brusque, analogue \u00e0 celui dans une soupape. Comment supprimer ce chaos ? C\u2019est l\u2019objet du principe de double action d\u00e9crit dans ce livre, il permet de d\u00e9truire ces structures ordonn\u00e9es dangereuses form\u00e9es par le monde microscopique (pire action) ; dans [&hellip;]","og_url":"https:\/\/pluviosemichel.com\/en\/chaos","og_site_name":"De la pire \u00e0 la meilleure action","article_modified_time":"2022-08-03T13:08:05+00:00","twitter_card":"summary_large_image","twitter_misc":{"Est. reading time":"1 minute"},"schema":{"@context":"https:\/\/schema.org","@graph":[{"@type":"WebPage","@id":"https:\/\/pluviosemichel.com\/en\/chaos","url":"https:\/\/pluviosemichel.com\/en\/chaos","name":"Chaos - De la pire \u00e0 la meilleure action","isPartOf":{"@id":"https:\/\/pluviosemichel.com\/#website"},"datePublished":"2022-07-26T08:37:49+00:00","dateModified":"2022-08-03T13:08:05+00:00","breadcrumb":{"@id":"https:\/\/pluviosemichel.com\/en\/chaos#breadcrumb"},"inLanguage":"en-GB","potentialAction":[{"@type":"ReadAction","target":["https:\/\/pluviosemichel.com\/en\/chaos"]}]},{"@type":"BreadcrumbList","@id":"https:\/\/pluviosemichel.com\/en\/chaos#breadcrumb","itemListElement":[{"@type":"ListItem","position":1,"name":"Accueil","item":"https:\/\/pluviosemichel.com\/"},{"@type":"ListItem","position":2,"name":"Chaos"}]},{"@type":"WebSite","@id":"https:\/\/pluviosemichel.com\/#website","url":"https:\/\/pluviosemichel.com\/","name":"From worst to best action","description":"","publisher":{"@id":"https:\/\/pluviosemichel.com\/#organization"},"potentialAction":[{"@type":"SearchAction","target":{"@type":"EntryPoint","urlTemplate":"https:\/\/pluviosemichel.com\/?s={search_term_string}"},"query-input":{"@type":"PropertyValueSpecification","valueRequired":true,"valueName":"search_term_string"}}],"inLanguage":"en-GB"},{"@type":"Organization","@id":"https:\/\/pluviosemichel.com\/#organization","name":"Michel Pluviose","url":"https:\/\/pluviosemichel.com\/","logo":{"@type":"ImageObject","inLanguage":"en-GB","@id":"https:\/\/pluviosemichel.com\/#\/schema\/logo\/image\/","url":"https:\/\/pluviosemichel.com\/wp-content\/uploads\/2022\/07\/Logo-fond-CNAM.png","contentUrl":"https:\/\/pluviosemichel.com\/wp-content\/uploads\/2022\/07\/Logo-fond-CNAM.png","width":200,"height":200,"caption":"Michel Pluviose"},"image":{"@id":"https:\/\/pluviosemichel.com\/#\/schema\/logo\/image\/"}}]}},"_links":{"self":[{"href":"https:\/\/pluviosemichel.com\/en\/wp-json\/wp\/v2\/pages\/832","targetHints":{"allow":["GET"]}}],"collection":[{"href":"https:\/\/pluviosemichel.com\/en\/wp-json\/wp\/v2\/pages"}],"about":[{"href":"https:\/\/pluviosemichel.com\/en\/wp-json\/wp\/v2\/types\/page"}],"author":[{"embeddable":true,"href":"https:\/\/pluviosemichel.com\/en\/wp-json\/wp\/v2\/users\/1"}],"replies":[{"embeddable":true,"href":"https:\/\/pluviosemichel.com\/en\/wp-json\/wp\/v2\/comments?post=832"}],"version-history":[{"count":57,"href":"https:\/\/pluviosemichel.com\/en\/wp-json\/wp\/v2\/pages\/832\/revisions"}],"predecessor-version":[{"id":3066,"href":"https:\/\/pluviosemichel.com\/en\/wp-json\/wp\/v2\/pages\/832\/revisions\/3066"}],"wp:attachment":[{"href":"https:\/\/pluviosemichel.com\/en\/wp-json\/wp\/v2\/media?parent=832"}],"curies":[{"name":"wp","href":"https:\/\/api.w.org\/{rel}","templated":true}]}}