{"id":834,"date":"2022-07-26T08:38:02","date_gmt":"2022-07-26T08:38:02","guid":{"rendered":"https:\/\/pluviosemichel.com\/?page_id=834"},"modified":"2023-03-07T16:23:04","modified_gmt":"2023-03-07T16:23:04","slug":"a-propos","status":"publish","type":"page","link":"https:\/\/pluviosemichel.com\/en\/a-propos","title":{"rendered":"L&rsquo;auteur"},"content":{"rendered":"<div data-elementor-type=\"wp-page\" data-elementor-id=\"834\" class=\"elementor elementor-834\" data-elementor-post-type=\"page\">\n\t\t\t\t<div class=\"elementor-element elementor-element-efae650 e-flex e-con-boxed e-con e-parent\" data-id=\"efae650\" data-element_type=\"container\" data-settings=\"{&quot;background_background&quot;:&quot;classic&quot;}\">\n\t\t\t\t\t<div class=\"e-con-inner\">\n\t\t<div class=\"elementor-element elementor-element-ff0da20 e-con-full e-flex e-con e-parent\" data-id=\"ff0da20\" data-element_type=\"container\">\n\t\t\t\t<div class=\"elementor-element elementor-element-b9c2bb5 elementor-widget elementor-widget-text-editor\" data-id=\"b9c2bb5\" data-element_type=\"widget\" data-widget_type=\"text-editor.default\">\n\t\t\t\t<div class=\"elementor-widget-container\">\n\t\t\t\t\t\t\t\t\t<h1><strong><span style=\"color: #000000;\">About<\/span><\/strong><\/h1>\t\t\t\t\t\t\t\t<\/div>\n\t\t\t\t<\/div>\n\t\t\t\t<\/div>\n\t\t\t\t\t<\/div>\n\t\t\t\t<\/div>\n\t\t<div class=\"elementor-element elementor-element-c621364 e-flex e-con-boxed e-con e-parent\" data-id=\"c621364\" data-element_type=\"container\">\n\t\t\t\t\t<div class=\"e-con-inner\">\n\t\t<div class=\"elementor-element elementor-element-2f4f7ac e-con-full e-flex e-con e-parent\" data-id=\"2f4f7ac\" data-element_type=\"container\">\n\t\t\t\t<div class=\"elementor-element elementor-element-c59456a elementor-widget elementor-widget-image\" data-id=\"c59456a\" data-element_type=\"widget\" data-widget_type=\"image.default\">\n\t\t\t\t<div class=\"elementor-widget-container\">\n\t\t\t\t\t\t\t\t\t\t\t\t\t\t\t<img fetchpriority=\"high\" decoding=\"async\" width=\"679\" height=\"685\" src=\"https:\/\/pluviosemichel.com\/wp-content\/uploads\/2022\/08\/logo-hispano.png\" class=\"attachment-large size-large wp-image-2533\" alt=\"\" srcset=\"https:\/\/pluviosemichel.com\/wp-content\/uploads\/2022\/08\/logo-hispano.png 679w, https:\/\/pluviosemichel.com\/wp-content\/uploads\/2022\/08\/logo-hispano-297x300.png 297w, https:\/\/pluviosemichel.com\/wp-content\/uploads\/2022\/08\/logo-hispano-150x150.png 150w\" sizes=\"(max-width: 679px) 100vw, 679px\" \/>\t\t\t\t\t\t\t\t\t\t\t\t\t\t\t<\/div>\n\t\t\t\t<\/div>\n\t\t\t\t<\/div>\n\t\t<div class=\"elementor-element elementor-element-d2dcbe7 e-con-full e-flex e-con e-parent\" data-id=\"d2dcbe7\" data-element_type=\"container\">\n\t\t\t\t<div class=\"elementor-element elementor-element-9644574 elementor-widget elementor-widget-image\" data-id=\"9644574\" data-element_type=\"widget\" data-widget_type=\"image.default\">\n\t\t\t\t<div class=\"elementor-widget-container\">\n\t\t\t\t\t\t\t\t\t\t\t\t\t\t\t<img decoding=\"async\" width=\"345\" height=\"260\" src=\"https:\/\/pluviosemichel.com\/wp-content\/uploads\/2022\/08\/safran-logo.png\" class=\"attachment-large size-large wp-image-2536\" alt=\"\" srcset=\"https:\/\/pluviosemichel.com\/wp-content\/uploads\/2022\/08\/safran-logo.png 345w, https:\/\/pluviosemichel.com\/wp-content\/uploads\/2022\/08\/safran-logo-300x226.png 300w\" sizes=\"(max-width: 345px) 100vw, 345px\" \/>\t\t\t\t\t\t\t\t\t\t\t\t\t\t\t<\/div>\n\t\t\t\t<\/div>\n\t\t\t\t<\/div>\n\t\t<div class=\"elementor-element elementor-element-e7f5423 e-con-full e-flex e-con e-parent\" data-id=\"e7f5423\" data-element_type=\"container\">\n\t\t\t\t<div class=\"elementor-element elementor-element-3bcf980 elementor-widget elementor-widget-image\" data-id=\"3bcf980\" data-element_type=\"widget\" data-widget_type=\"image.default\">\n\t\t\t\t<div class=\"elementor-widget-container\">\n\t\t\t\t\t\t\t\t\t\t\t\t\t\t\t<img decoding=\"async\" width=\"800\" height=\"469\" src=\"https:\/\/pluviosemichel.com\/wp-content\/uploads\/2022\/08\/Logo-Cetim.png\" class=\"attachment-large size-large wp-image-2535\" alt=\"\" srcset=\"https:\/\/pluviosemichel.com\/wp-content\/uploads\/2022\/08\/Logo-Cetim.png 963w, https:\/\/pluviosemichel.com\/wp-content\/uploads\/2022\/08\/Logo-Cetim-300x176.png 300w, https:\/\/pluviosemichel.com\/wp-content\/uploads\/2022\/08\/Logo-Cetim-768x451.png 768w\" sizes=\"(max-width: 800px) 100vw, 800px\" \/>\t\t\t\t\t\t\t\t\t\t\t\t\t\t\t<\/div>\n\t\t\t\t<\/div>\n\t\t\t\t<\/div>\n\t\t<div class=\"elementor-element elementor-element-ae110b3 e-con-full e-flex e-con e-parent\" data-id=\"ae110b3\" data-element_type=\"container\">\n\t\t\t\t<div class=\"elementor-element elementor-element-f25a162 elementor-widget elementor-widget-image\" data-id=\"f25a162\" data-element_type=\"widget\" data-widget_type=\"image.default\">\n\t\t\t\t<div class=\"elementor-widget-container\">\n\t\t\t\t\t\t\t\t\t\t\t\t\t\t\t<img loading=\"lazy\" decoding=\"async\" width=\"800\" height=\"160\" src=\"https:\/\/pluviosemichel.com\/wp-content\/uploads\/2022\/08\/CNAM_Logo-1024x205.png\" class=\"attachment-large size-large wp-image-2546\" alt=\"\" srcset=\"https:\/\/pluviosemichel.com\/wp-content\/uploads\/2022\/08\/CNAM_Logo-1024x205.png 1024w, https:\/\/pluviosemichel.com\/wp-content\/uploads\/2022\/08\/CNAM_Logo-300x60.png 300w, https:\/\/pluviosemichel.com\/wp-content\/uploads\/2022\/08\/CNAM_Logo-768x154.png 768w, https:\/\/pluviosemichel.com\/wp-content\/uploads\/2022\/08\/CNAM_Logo-1536x307.png 1536w, https:\/\/pluviosemichel.com\/wp-content\/uploads\/2022\/08\/CNAM_Logo-2048x410.png 2048w\" sizes=\"(max-width: 800px) 100vw, 800px\" \/>\t\t\t\t\t\t\t\t\t\t\t\t\t\t\t<\/div>\n\t\t\t\t<\/div>\n\t\t\t\t<\/div>\n\t\t\t\t\t<\/div>\n\t\t\t\t<\/div>\n\t\t<div class=\"elementor-element elementor-element-bcd62ef e-flex e-con-boxed e-con e-parent\" data-id=\"bcd62ef\" data-element_type=\"container\" data-no-translation=\"\">\n\t\t\t\t\t<div class=\"e-con-inner\">\n\t\t\t\t<div class=\"elementor-element elementor-element-d71efad elementor-widget__width-initial elementor-widget-mobile__width-initial elementor-widget elementor-widget-image\" data-id=\"d71efad\" data-element_type=\"widget\" data-widget_type=\"image.default\">\n\t\t\t\t<div class=\"elementor-widget-container\">\n\t\t\t\t\t\t\t\t\t\t\t\t\t\t\t<img loading=\"lazy\" decoding=\"async\" width=\"424\" height=\"510\" src=\"https:\/\/pluviosemichel.com\/wp-content\/uploads\/2022\/08\/Autoportrait_Michel_Pluviose.jpg\" class=\"attachment-full size-full wp-image-2915\" alt=\"\" srcset=\"https:\/\/pluviosemichel.com\/wp-content\/uploads\/2022\/08\/Autoportrait_Michel_Pluviose.jpg 424w, https:\/\/pluviosemichel.com\/wp-content\/uploads\/2022\/08\/Autoportrait_Michel_Pluviose-249x300.jpg 249w\" sizes=\"(max-width: 424px) 100vw, 424px\" \/>\t\t\t\t\t\t\t\t\t\t\t\t\t\t\t<\/div>\n\t\t\t\t<\/div>\n\t\t\t\t<div class=\"elementor-element elementor-element-d284877 elementor-widget__width-initial elementor-widget-mobile__width-initial elementor-widget elementor-widget-text-editor\" data-id=\"d284877\" data-element_type=\"widget\" data-widget_type=\"text-editor.default\">\n\t\t\t\t<div class=\"elementor-widget-container\">\n\t\t\t\t\t\t\t\t\t<p>Michel Pluviose is an honorary professor at the <strong>Conservatoire National des Arts et M\u00e9tiers<\/strong> (CNAM), where he held the chair of turbomachinery.<\/p><div>An engineer, a doctor of science, a high-level scientist and a man of action, he was an engineer at <strong>Hispano-Suiza<\/strong> and <strong>SNECMA<\/strong> (Safran), director of the <strong>ATTAG<\/strong> (Association Technique pour les Turbomachines et Turbines \u00e0 Gaz) laboratory, head of compressible fluids at <strong>CETIM<\/strong> (Centre Technique des Industries M\u00e9caniques), and head of the treatise on \u00ab\u00a0Machines hydrauliques et thermiques\u00a0\u00bb in <strong>Techniques de l&rsquo;Ing\u00e9nieur<\/strong>.<\/div><div>\u00a0<\/div><div>He has been a consulting engineer at <strong>ALSTOM<\/strong>, <strong>CETIM<\/strong>, <strong>EDF<\/strong> (Direction des \u00c9tudes et Recherches), <strong>Grande Paroisse<\/strong> (GPN).<\/div>\t\t\t\t\t\t\t\t<\/div>\n\t\t\t\t<\/div>\n\t\t\t\t<div class=\"elementor-element elementor-element-30e2186 elementor-widget__width-initial elementor-widget-mobile__width-initial elementor-widget elementor-widget-image\" data-id=\"30e2186\" data-element_type=\"widget\" data-widget_type=\"image.default\">\n\t\t\t\t<div class=\"elementor-widget-container\">\n\t\t\t\t\t\t\t\t\t\t\t\t\t\t\t<img loading=\"lazy\" decoding=\"async\" width=\"424\" height=\"510\" src=\"https:\/\/pluviosemichel.com\/wp-content\/uploads\/2022\/08\/Batiment_CNAM.jpg\" class=\"attachment-large size-large wp-image-2919\" alt=\"\" srcset=\"https:\/\/pluviosemichel.com\/wp-content\/uploads\/2022\/08\/Batiment_CNAM.jpg 424w, https:\/\/pluviosemichel.com\/wp-content\/uploads\/2022\/08\/Batiment_CNAM-249x300.jpg 249w\" sizes=\"(max-width: 424px) 100vw, 424px\" \/>\t\t\t\t\t\t\t\t\t\t\t\t\t\t\t<\/div>\n\t\t\t\t<\/div>\n\t\t\t\t\t<\/div>\n\t\t\t\t<\/div>\n\t\t\t\t<\/div>","protected":false},"excerpt":{"rendered":"<p>\u00c0 propos. Michel Pluviose, professeur honoraire du Conservatoire national des Arts et M\u00e9tiers (CNAM), a \u00e9t\u00e9 titulaire de la chaire de turbomachines. lng\u00e9nieur, docteur d&rsquo;\u00c9tat \u00e8s sciences, scientifique de haut niveau mais aussi homme de terrain, il a \u00e9t\u00e9 ing\u00e9nieur chez Hispano-Suiza, \u00e0 la SNECMA (Safran), directeur du laboratoire de l&rsquo;ATTAG (Association technique pour les [&hellip;]<\/p>\n","protected":false},"author":1,"featured_media":0,"parent":0,"menu_order":0,"comment_status":"closed","ping_status":"closed","template":"","meta":{"footnotes":""},"class_list":["post-834","page","type-page","status-publish","hentry"],"yoast_head":"<!-- This site is optimized with the Yoast SEO plugin v27.4 - https:\/\/yoast.com\/product\/yoast-seo-wordpress\/ -->\n<title>L&#039;auteur - Michel Pluviose<\/title>\n<meta name=\"description\" content=\"Michel Pluviose, professeur honoraire du Conservatoire national des Arts et M\u00e9tiers (CNAM), a \u00e9t\u00e9 titulaire de la chaire de turbomachines.\" \/>\n<meta name=\"robots\" content=\"index, follow, max-snippet:-1, max-image-preview:large, max-video-preview:-1\" \/>\n<link rel=\"canonical\" href=\"https:\/\/pluviosemichel.com\/en\/a-propos\/\" \/>\n<meta property=\"og:locale\" content=\"en_GB\" \/>\n<meta property=\"og:type\" content=\"article\" \/>\n<meta property=\"og:title\" content=\"L&#039;auteur - Michel Pluviose\" \/>\n<meta property=\"og:description\" content=\"Michel Pluviose, professeur honoraire du Conservatoire national des Arts et M\u00e9tiers (CNAM), a \u00e9t\u00e9 titulaire de la chaire de turbomachines.\" \/>\n<meta property=\"og:url\" content=\"https:\/\/pluviosemichel.com\/en\/a-propos\/\" \/>\n<meta property=\"og:site_name\" content=\"De la pire \u00e0 la meilleure action\" \/>\n<meta property=\"article:modified_time\" content=\"2023-03-07T16:23:04+00:00\" \/>\n<meta property=\"og:image\" content=\"https:\/\/pluviosemichel.com\/wp-content\/uploads\/2022\/08\/logo-hispano.png\" \/>\n<meta name=\"twitter:card\" content=\"summary_large_image\" \/>\n<meta name=\"twitter:label1\" content=\"Est. reading time\" \/>\n\t<meta name=\"twitter:data1\" content=\"3 minutes\" \/>\n<script type=\"application\/ld+json\" class=\"yoast-schema-graph\">{\"@context\":\"https:\\\/\\\/schema.org\",\"@graph\":[{\"@type\":\"WebPage\",\"@id\":\"https:\\\/\\\/pluviosemichel.com\\\/a-propos\",\"url\":\"https:\\\/\\\/pluviosemichel.com\\\/a-propos\",\"name\":\"L'auteur - Michel Pluviose\",\"isPartOf\":{\"@id\":\"https:\\\/\\\/pluviosemichel.com\\\/#website\"},\"primaryImageOfPage\":{\"@id\":\"https:\\\/\\\/pluviosemichel.com\\\/a-propos#primaryimage\"},\"image\":{\"@id\":\"https:\\\/\\\/pluviosemichel.com\\\/a-propos#primaryimage\"},\"thumbnailUrl\":\"https:\\\/\\\/pluviosemichel.com\\\/wp-content\\\/uploads\\\/2022\\\/08\\\/logo-hispano.png\",\"datePublished\":\"2022-07-26T08:38:02+00:00\",\"dateModified\":\"2023-03-07T16:23:04+00:00\",\"description\":\"Michel Pluviose, professeur honoraire du Conservatoire national des Arts et M\u00e9tiers (CNAM), a \u00e9t\u00e9 titulaire de la chaire de turbomachines.\",\"breadcrumb\":{\"@id\":\"https:\\\/\\\/pluviosemichel.com\\\/a-propos#breadcrumb\"},\"inLanguage\":\"en-GB\",\"potentialAction\":[{\"@type\":\"ReadAction\",\"target\":[\"https:\\\/\\\/pluviosemichel.com\\\/a-propos\"]}]},{\"@type\":\"ImageObject\",\"inLanguage\":\"en-GB\",\"@id\":\"https:\\\/\\\/pluviosemichel.com\\\/a-propos#primaryimage\",\"url\":\"https:\\\/\\\/pluviosemichel.com\\\/wp-content\\\/uploads\\\/2022\\\/08\\\/logo-hispano.png\",\"contentUrl\":\"https:\\\/\\\/pluviosemichel.com\\\/wp-content\\\/uploads\\\/2022\\\/08\\\/logo-hispano.png\"},{\"@type\":\"BreadcrumbList\",\"@id\":\"https:\\\/\\\/pluviosemichel.com\\\/a-propos#breadcrumb\",\"itemListElement\":[{\"@type\":\"ListItem\",\"position\":1,\"name\":\"Accueil\",\"item\":\"https:\\\/\\\/pluviosemichel.com\\\/\"},{\"@type\":\"ListItem\",\"position\":2,\"name\":\"L&rsquo;auteur\"}]},{\"@type\":\"WebSite\",\"@id\":\"https:\\\/\\\/pluviosemichel.com\\\/#website\",\"url\":\"https:\\\/\\\/pluviosemichel.com\\\/\",\"name\":\"De la pire \u00e0 la meilleure action\",\"description\":\"\",\"publisher\":{\"@id\":\"https:\\\/\\\/pluviosemichel.com\\\/#organization\"},\"potentialAction\":[{\"@type\":\"SearchAction\",\"target\":{\"@type\":\"EntryPoint\",\"urlTemplate\":\"https:\\\/\\\/pluviosemichel.com\\\/?s={search_term_string}\"},\"query-input\":{\"@type\":\"PropertyValueSpecification\",\"valueRequired\":true,\"valueName\":\"search_term_string\"}}],\"inLanguage\":\"en-GB\"},{\"@type\":\"Organization\",\"@id\":\"https:\\\/\\\/pluviosemichel.com\\\/#organization\",\"name\":\"Michel Pluviose\",\"url\":\"https:\\\/\\\/pluviosemichel.com\\\/\",\"logo\":{\"@type\":\"ImageObject\",\"inLanguage\":\"en-GB\",\"@id\":\"https:\\\/\\\/pluviosemichel.com\\\/#\\\/schema\\\/logo\\\/image\\\/\",\"url\":\"https:\\\/\\\/pluviosemichel.com\\\/wp-content\\\/uploads\\\/2022\\\/07\\\/Logo-fond-CNAM.png\",\"contentUrl\":\"https:\\\/\\\/pluviosemichel.com\\\/wp-content\\\/uploads\\\/2022\\\/07\\\/Logo-fond-CNAM.png\",\"width\":200,\"height\":200,\"caption\":\"Michel Pluviose\"},\"image\":{\"@id\":\"https:\\\/\\\/pluviosemichel.com\\\/#\\\/schema\\\/logo\\\/image\\\/\"}}]}<\/script>\n<!-- \/ Yoast SEO plugin. -->","yoast_head_json":{"title":"L'auteur - Michel Pluviose","description":"Michel Pluviose, professeur honoraire du Conservatoire national des Arts et M\u00e9tiers (CNAM), a \u00e9t\u00e9 titulaire de la chaire de turbomachines.","robots":{"index":"index","follow":"follow","max-snippet":"max-snippet:-1","max-image-preview":"max-image-preview:large","max-video-preview":"max-video-preview:-1"},"canonical":"https:\/\/pluviosemichel.com\/en\/a-propos\/","og_locale":"en_GB","og_type":"article","og_title":"L'auteur - Michel Pluviose","og_description":"Michel Pluviose, professeur honoraire du Conservatoire national des Arts et M\u00e9tiers (CNAM), a \u00e9t\u00e9 titulaire de la chaire de turbomachines.","og_url":"https:\/\/pluviosemichel.com\/en\/a-propos\/","og_site_name":"De la pire \u00e0 la meilleure action","article_modified_time":"2023-03-07T16:23:04+00:00","og_image":[{"url":"https:\/\/pluviosemichel.com\/wp-content\/uploads\/2022\/08\/logo-hispano.png","type":"","width":"","height":""}],"twitter_card":"summary_large_image","twitter_misc":{"Est. reading time":"3 minutes"},"schema":{"@context":"https:\/\/schema.org","@graph":[{"@type":"WebPage","@id":"https:\/\/pluviosemichel.com\/a-propos","url":"https:\/\/pluviosemichel.com\/a-propos","name":"L'auteur - Michel Pluviose","isPartOf":{"@id":"https:\/\/pluviosemichel.com\/#website"},"primaryImageOfPage":{"@id":"https:\/\/pluviosemichel.com\/a-propos#primaryimage"},"image":{"@id":"https:\/\/pluviosemichel.com\/a-propos#primaryimage"},"thumbnailUrl":"https:\/\/pluviosemichel.com\/wp-content\/uploads\/2022\/08\/logo-hispano.png","datePublished":"2022-07-26T08:38:02+00:00","dateModified":"2023-03-07T16:23:04+00:00","description":"Michel Pluviose, professeur honoraire du Conservatoire national des Arts et M\u00e9tiers (CNAM), a \u00e9t\u00e9 titulaire de la chaire de turbomachines.","breadcrumb":{"@id":"https:\/\/pluviosemichel.com\/a-propos#breadcrumb"},"inLanguage":"en-GB","potentialAction":[{"@type":"ReadAction","target":["https:\/\/pluviosemichel.com\/a-propos"]}]},{"@type":"ImageObject","inLanguage":"en-GB","@id":"https:\/\/pluviosemichel.com\/a-propos#primaryimage","url":"https:\/\/pluviosemichel.com\/wp-content\/uploads\/2022\/08\/logo-hispano.png","contentUrl":"https:\/\/pluviosemichel.com\/wp-content\/uploads\/2022\/08\/logo-hispano.png"},{"@type":"BreadcrumbList","@id":"https:\/\/pluviosemichel.com\/a-propos#breadcrumb","itemListElement":[{"@type":"ListItem","position":1,"name":"Accueil","item":"https:\/\/pluviosemichel.com\/"},{"@type":"ListItem","position":2,"name":"L&rsquo;auteur"}]},{"@type":"WebSite","@id":"https:\/\/pluviosemichel.com\/#website","url":"https:\/\/pluviosemichel.com\/","name":"From worst to best action","description":"","publisher":{"@id":"https:\/\/pluviosemichel.com\/#organization"},"potentialAction":[{"@type":"SearchAction","target":{"@type":"EntryPoint","urlTemplate":"https:\/\/pluviosemichel.com\/?s={search_term_string}"},"query-input":{"@type":"PropertyValueSpecification","valueRequired":true,"valueName":"search_term_string"}}],"inLanguage":"en-GB"},{"@type":"Organization","@id":"https:\/\/pluviosemichel.com\/#organization","name":"Michel Pluviose","url":"https:\/\/pluviosemichel.com\/","logo":{"@type":"ImageObject","inLanguage":"en-GB","@id":"https:\/\/pluviosemichel.com\/#\/schema\/logo\/image\/","url":"https:\/\/pluviosemichel.com\/wp-content\/uploads\/2022\/07\/Logo-fond-CNAM.png","contentUrl":"https:\/\/pluviosemichel.com\/wp-content\/uploads\/2022\/07\/Logo-fond-CNAM.png","width":200,"height":200,"caption":"Michel Pluviose"},"image":{"@id":"https:\/\/pluviosemichel.com\/#\/schema\/logo\/image\/"}}]}},"_links":{"self":[{"href":"https:\/\/pluviosemichel.com\/en\/wp-json\/wp\/v2\/pages\/834","targetHints":{"allow":["GET"]}}],"collection":[{"href":"https:\/\/pluviosemichel.com\/en\/wp-json\/wp\/v2\/pages"}],"about":[{"href":"https:\/\/pluviosemichel.com\/en\/wp-json\/wp\/v2\/types\/page"}],"author":[{"embeddable":true,"href":"https:\/\/pluviosemichel.com\/en\/wp-json\/wp\/v2\/users\/1"}],"replies":[{"embeddable":true,"href":"https:\/\/pluviosemichel.com\/en\/wp-json\/wp\/v2\/comments?post=834"}],"version-history":[{"count":163,"href":"https:\/\/pluviosemichel.com\/en\/wp-json\/wp\/v2\/pages\/834\/revisions"}],"predecessor-version":[{"id":3448,"href":"https:\/\/pluviosemichel.com\/en\/wp-json\/wp\/v2\/pages\/834\/revisions\/3448"}],"wp:attachment":[{"href":"https:\/\/pluviosemichel.com\/en\/wp-json\/wp\/v2\/media?parent=834"}],"curies":[{"name":"wp","href":"https:\/\/api.w.org\/{rel}","templated":true}]}}